{"id":752,"date":"2023-01-30T16:34:04","date_gmt":"2023-01-30T16:34:04","guid":{"rendered":"https:\/\/immunotherapymx.com\/?page_id=752"},"modified":"2025-03-28T09:43:05","modified_gmt":"2025-03-28T15:43:05","slug":"politica-de-privacidad-global-inmunoterapia-medicina-regenerativa","status":"publish","type":"page","link":"https:\/\/immunotherapymx.com\/es\/politica-de-privacidad-global-inmunoterapia-medicina-regenerativa\/","title":{"rendered":"Pol\u00edtica de Privacidad Global \u2013 Medicina Regenerativa de Inmunoterapia"},"content":{"rendered":"<div data-elementor-type=\"wp-page\" data-elementor-id=\"752\" class=\"elementor elementor-752\" data-elementor-post-type=\"page\">\n\t\t\t\t<div class=\"elementor-element elementor-element-712c6368 e-flex e-con-boxed e-con e-parent\" data-id=\"712c6368\" data-element_type=\"container\" data-e-type=\"container\">\n\t\t\t\t\t<div class=\"e-con-inner\">\n\t\t\t\t<div class=\"elementor-element elementor-element-bc16a08 elementor-widget elementor-widget-heading\" data-id=\"bc16a08\" data-element_type=\"widget\" data-e-type=\"widget\" data-widget_type=\"heading.default\">\n\t\t\t\t\t<h1 class=\"elementor-heading-title elementor-size-default\">Pol\u00edtica de Privacidad Global \u2013 Medicina Regenerativa de Inmunoterapia\n<\/h1>\t\t\t\t<\/div>\n\t\t\t\t<div class=\"elementor-element elementor-element-3648235d elementor-widget elementor-widget-text-editor\" data-id=\"3648235d\" data-element_type=\"widget\" data-e-type=\"widget\" data-widget_type=\"text-editor.default\">\n\t\t\t\t\t\t\t\t\t<p><\/p>\n<h2 class=\"wp-block-heading\">1. Bienvenido a Immunotherapy Regenerative Medicine<\/h2>\n<p><\/p>\n<p>La privacidad y la discreci\u00f3n son de suma importancia en Immunotherapy Regenerative Medicine. Para proteger mejor su privacidad, proporcionamos este aviso que explica nuestras pr\u00e1cticas de informaci\u00f3n en l\u00ednea y las formas en que se recopila y utiliza su informaci\u00f3n.<\/p>\n<p><\/p>\n<h2 class=\"wp-block-heading\">2. Informaci\u00f3n recopilada<\/h2>\n<p><\/p>\n<p>Este aviso se aplica a toda la informaci\u00f3n recopilada o enviada en el sitio web de Immunotherapy Regenerative Medicine. En nuestro sitio web, puede solicitar informaci\u00f3n sobre el tratamiento, registrarse para recibir nuestro bolet\u00edn de noticias o proporcionar informaci\u00f3n de contacto y personal para una consulta gratuita. Los tipos de informaci\u00f3n personal recopilada son: Nombre, Direcci\u00f3n de correo electr\u00f3nico, N\u00famero de tel\u00e9fono, Condiciones por las que puede estar interesado en recibir tratamiento. Adem\u00e1s, podemos recopilar detalles adicionales con respecto a las condiciones actuales durante las consultas privadas de seguimiento. Somos totalmente compatibles con la HIPAA, y su informaci\u00f3n no ser\u00e1 compartida con terceros.<\/p>\n<p><\/p>\n<h2 class=\"wp-block-heading\">3. Uso de la informaci\u00f3n<\/h2>\n<p><\/p>\n<p>Nunca compartimos esta informaci\u00f3n con terceros. Los \u00fanicos usos de la informaci\u00f3n recopilada son los siguientes.<\/p>\n<p>Cuando el \"usuario\" env\u00eda una solicitud de informaci\u00f3n, utilizamos la informaci\u00f3n facilitada para hacer un seguimiento del candidato y determinar si cumple nuestros criterios para recibir tratamiento en Immunotherapy Regenerative Medicine. Al rellenar el formulario de solicitud de informaci\u00f3n, nos est\u00e1 dando permiso para ponernos en contacto con usted con informaci\u00f3n m\u00e1s detallada. Si la evaluaci\u00f3n inicial determina que usted es un buen candidato, se le enviar\u00e1 una invitaci\u00f3n a nuestro portal seguro en l\u00ednea para pacientes. La informaci\u00f3n recogida en este portal es confidencial y s\u00f3lo es utilizada por el m\u00e9dico con fines de tratamiento y diagn\u00f3stico. Esta informaci\u00f3n no se compartir\u00e1 con terceros y est\u00e1 totalmente encriptada.<\/p>\n<p>Proporcionar su direcci\u00f3n de correo electr\u00f3nico para recibir nuestro bolet\u00edn mensual, una actualizaci\u00f3n ocasional de noticias o eventos que puedan ser de inter\u00e9s, como nuevos procedimientos o art\u00edculos. Nuestro sitio web ofrece un espacio en la parte inferior de cada p\u00e1gina para suscribirse a nuestro bolet\u00edn. Al introducir su direcci\u00f3n de correo electr\u00f3nico y hacer clic en el bot\u00f3n \"M\u00e1s informaci\u00f3n\", acepta recibir noticias nuestras de forma ocasional. Puede darse de baja de nuestro bolet\u00edn en cualquier momento. Si recibe un correo electr\u00f3nico sin la opci\u00f3n de darse de baja de nuestro bolet\u00edn, lo estar\u00e1 recibiendo como parte de una comunicaci\u00f3n personal con Immunotherapy Regenerative Medicine.<\/p>\n<p><\/p>\n<h2 class=\"wp-block-heading\">4. Informaci\u00f3n anal\u00edtica<\/h2>\n<p><\/p>\n<p>La medicina regenerativa de inmunoterapia utiliza software anal\u00edtico para rastrear rasgos no identificables de quienes visitan nuestro sitio web. Estos datos se utilizan para la mejora del sitio web y la mejora del dise\u00f1o. Un ejemplo ser\u00eda que X n\u00famero de \u201cusuarios\u201d visit\u00f3 un \u00e1rea determinada de nuestro sitio web, o que Y n\u00famero de hombres y Z n\u00famero de mujeres completaron nuestro formulario de solicitud de informaci\u00f3n. Ninguna informaci\u00f3n recopilada es de identificaci\u00f3n personal ni se utiliza para otra cosa que no sean fines anal\u00edticos.<\/p>\n<p><\/p>\n<h2 class=\"wp-block-heading\">5. Informaci\u00f3n de mercadeo<\/h2>\n<p><\/p>\n<p>Como parte de nuestro software de an\u00e1lisis de marketing, Immunotherapy Regenerative Medicine recopila autom\u00e1ticamente informaci\u00f3n sobre su dispositivo cuando visita nuestro sitio web. Recopilaremos su direcci\u00f3n IP, el navegador web elegido (como Firefox, Safari o Internet Explorer) y el sitio web de referencia. Tambi\u00e9n podemos recopilar informaci\u00f3n sobre su actividad en l\u00ednea, como el t\u00e9rmino que utiliz\u00f3 en un motor de b\u00fasqueda para encontrar nuestro sitio. Utilizamos esta informaci\u00f3n para mejorar nuestros esfuerzos de marketing para futuros visitantes. Uso de cookies: Las cookies son peque\u00f1os fragmentos de datos que se env\u00edan desde un sitio web y que el navegador web del usuario almacena en un ordenador o dispositivo. Las cookies no le reconocen personalmente y no son perjudiciales para su navegador, ordenador o dispositivo. Las cookies proporcionan informaci\u00f3n \u00fatil sobre el uso que hacen los visitantes de nuestro sitio web. Adem\u00e1s, las balizas web son utilizadas por nuestro sitio web para permitirnos mostrar anuncios en sitios de redes sociales y sitios web de terceros, que est\u00e1n dirigidos espec\u00edficamente a las personas que han visitado recientemente el sitio web de Medicina Regenerativa Inmunoterapia. Por ejemplo, las cookies se utilizan para almacenar la informaci\u00f3n de inicio de sesi\u00f3n en nuestro portal del paciente, de modo que no sea necesario introducir los datos en cada visita. Otros usos incluir\u00edan medir el inter\u00e9s en diferentes partes de nuestro sitio o medir la eficacia de nuestras campa\u00f1as de marketing. En ning\u00fan caso el uso de cookies revela o registra informaci\u00f3n de identificaci\u00f3n personal.\u00a0<a href=\"https:\/\/www.dvcstem.com\/contact\" target=\"_blank\" rel=\"noopener\">Cont\u00e1ctenos.<\/a><\/p>\n<p><\/p>\n<h2 class=\"wp-block-heading\">6. Seguridad<\/h2>\n<p><\/p>\n<p>Hacemos un gran esfuerzo para garantizar un nivel de seguridad adecuado al riesgo asociado con el procesamiento de Datos Personales. Mantenemos medidas organizativas, t\u00e9cnicas y administrativas dise\u00f1adas para proteger los Datos personales dentro de nuestra organizaci\u00f3n contra el acceso no autorizado, la destrucci\u00f3n, la p\u00e9rdida, la alteraci\u00f3n o el uso indebido. Sus Datos personales solo son accesibles para un n\u00famero limitado de empleados que necesitan acceder a la informaci\u00f3n para realizar sus funciones. Desafortunadamente, no se puede garantizar que ning\u00fan sistema de almacenamiento o transmisi\u00f3n de datos sea 100% seguro.<\/p>\n<p>La medicina regenerativa de inmunoterapia ha implementado pr\u00e1cticas f\u00edsicas, electr\u00f3nicas y cl\u00ednicas para salvaguardar y proteger la informaci\u00f3n que recopilamos en l\u00ednea. Nos esforzamos constantemente para evitar el acceso no autorizado, mantener la integridad de los datos y garantizar el uso adecuado de toda la informaci\u00f3n recopilada.<\/p>\n<p><\/p>\n<h2 class=\"wp-block-heading\">6. Sus opciones y derechos<\/h2>\n<p><\/p>\n<p>Usted tiene opciones en cuanto al uso y divulgaci\u00f3n de sus Datos Personales<\/p>\n<p>\u200d<strong>una. Optar por no recibir comunicaciones electr\u00f3nicas.<\/strong>\u00a0Si ya no desea recibir correos electr\u00f3nicos relacionados con el marketing, puede cancelar la suscripci\u00f3n a trav\u00e9s del enlace incluido en todos los correos electr\u00f3nicos. Procesaremos su solicitud tan pronto como sea razonablemente posible. Tenga en cuenta que si opta por no recibir nuestros correos electr\u00f3nicos relacionados con marketing, es posible que a\u00fan le enviemos mensajes administrativos importantes que son necesarios para brindarle tratamiento.<\/p>\n<p>\u200d<strong>b. Sus derechos de protecci\u00f3n de datos.<\/strong>\u00a0Dependiendo de su ubicaci\u00f3n y sujeto a la ley aplicable, puede tener los siguientes derechos con respecto a los Datos personales que controlamos sobre usted: El derecho a solicitar confirmaci\u00f3n de si Immunotherapy Regenerative Medicine procesa Datos personales relacionados con usted y, de ser as\u00ed, solicitar una copia de esos Datos Personales; El derecho a solicitar que Immunotherapy Regenerative Medicine rectifique o actualice sus Datos personales que sean inexactos, incompletos o desactualizados; El derecho a solicitar que Immunotherapy Regenerative Medicine borre sus Datos personales en determinadas circunstancias previstas por la ley; El derecho a solicitar que Immunotherapy Regenerative Medicine restrinja el uso de sus Datos personales en determinadas circunstancias, por ejemplo, mientras Immunotherapy Regenerative Medicine considera otra solicitud que haya enviado (incluida una solicitud de que Immunotherapy Regenerative Medicine actualice sus Datos personales); y el derecho a solicitar que exportemos a otra empresa, cuando sea t\u00e9cnicamente factible, sus Datos personales que tenemos para brindarle Servicios. Cuando el procesamiento de sus Datos personales se base en su consentimiento otorgado previamente, tiene derecho a retirar su consentimiento en cualquier momento. Tambi\u00e9n puede tener derecho a oponerse al procesamiento de sus Datos personales por motivos relacionados con su situaci\u00f3n particular.<\/p>\n<p>\u200d<strong>d. Proceso para el ejercicio de los derechos de protecci\u00f3n de datos.<\/strong>\u00a0Para ejercer sus derechos de protecci\u00f3n de datos, puede ponerse en contacto con Immunotherapy Regenerative Medicine tal y como se describe en el siguiente apartado. Tomamos cada solicitud en serio. Cumpliremos con su solicitud en la medida requerida por la ley aplicable. No podremos responder a una solicitud si ya no conservamos sus Datos personales. Si cree que no ha recibido una respuesta satisfactoria de nuestra parte, puede consultar con la autoridad de protecci\u00f3n de datos de su pa\u00eds. Para su protecci\u00f3n, es posible que necesitemos verificar su identidad antes de responder a su solicitud, como verificar que la direcci\u00f3n de correo electr\u00f3nico desde la que env\u00eda la solicitud coincida con la direcci\u00f3n de correo electr\u00f3nico que tenemos registrada. Si ya no necesitamos procesar Datos personales sobre usted para proporcionar nuestros Servicios o nuestros Sitios, no mantendremos, adquiriremos ni procesaremos informaci\u00f3n adicional para identificarlo con el fin de responder a su solicitud.<\/p>\n<p><\/p>\n<h2 class=\"wp-block-heading\">7. Actualizaciones de nuestra pol\u00edtica de privacidad y notificaciones<\/h2>\n<p><\/p>\n<p>Podemos cambiar esta Pol\u00edtica de privacidad de vez en cuando para reflejar nueva informaci\u00f3n, cambios en nuestras pr\u00e1cticas de datos personales o leyes relevantes. La leyenda &quot;\u00daltima actualizaci\u00f3n&quot; en la parte superior de esta Pol\u00edtica de privacidad indica cu\u00e1ndo se revis\u00f3 por \u00faltima vez esta Pol\u00edtica de privacidad. Cualquier cambio es efectivo cuando publicamos la Pol\u00edtica de privacidad revisada en los Servicios. Podemos proporcionarle divulgaciones y alertas con respecto a la Pol\u00edtica de privacidad o los Datos personales recopilados al publicarlos en nuestro sitio web.<\/p>\n<p><\/p>\n<h2 class=\"wp-block-heading\">8. Enlaces a otros sitios web<\/h2>\n<p><\/p>\n<p>Podemos proporcionar la capacidad de vincular a otros sitios web. Estos sitios web pueden operar independientemente de nosotros y pueden tener sus propios avisos o pol\u00edticas de privacidad, que le sugerimos que revise. Si alg\u00fan sitio web vinculado no es de nuestra propiedad ni est\u00e1 controlado por nosotros, no somos responsables de su contenido, ning\u00fan uso del sitio web o las pr\u00e1cticas de privacidad del operador del sitio web.<\/p>\n<p><\/p>\n<h2 class=\"wp-block-heading\">9. Cont\u00e1ctenos<\/h2>\n<p><\/p>\n<p>Si tiene alguna pregunta sobre esta Pol\u00edtica de Privacidad, ll\u00e1menos o env\u00edenos un correo f\u00edsico a.<br \/>Immunotherapy Regenerative Medicine<br \/>Edificio Ramar, M\u00e1stil 20-Piso 2, Marina Vallarta, 48335 Puerto Vallarta, Jalisco, M\u00e9xico. <br \/>+52 322-236-4196<\/p>\n<p><\/p>\n<p><\/p>\n<p><\/p>\t\t\t\t\t\t\t\t<\/div>\n\t\t\t\t\t<\/div>\n\t\t\t\t<\/div>\n\t\t\t\t<\/div>","protected":false},"excerpt":{"rendered":"<p>Global Privacy Policy \u2013 Immunotherapy Regenerative Medicine 1. Welcome to Immunotherapy Regenerative Medicine Privacy and discretion is the utmost importance at Immunotherapy Regenerative Medicine. To better protect your privacy, we provide this notice explaining our online information practices and ways your information is collected and used. 2. Collected information This notice applies to all information [&hellip;]<\/p>\n","protected":false},"author":5,"featured_media":0,"parent":0,"menu_order":0,"comment_status":"closed","ping_status":"closed","template":"elementor_header_footer","meta":{"_acf_changed":false,"inline_featured_image":false,"site-sidebar-layout":"no-sidebar","site-content-layout":"content-boxed-container","ast-site-content-layout":"normal-width-container","site-content-style":"boxed","site-sidebar-style":"unboxed","ast-global-header-display":"","ast-banner-title-visibility":"","ast-main-header-display":"","ast-hfb-above-header-display":"","ast-hfb-below-header-display":"","ast-hfb-mobile-header-display":"","site-post-title":"","ast-breadcrumbs-content":"","ast-featured-img":"","footer-sml-layout":"","ast-disable-related-posts":"","theme-transparent-header-meta":"disabled","adv-header-id-meta":"","stick-header-meta":"","header-above-stick-meta":"","header-main-stick-meta":"","header-below-stick-meta":"","astra-migrate-meta-layouts":"set","ast-page-background-enabled":"default","ast-page-background-meta":{"desktop":{"background-color":"var(--ast-global-color-4)","background-image":"","background-repeat":"repeat","background-position":"center center","background-size":"auto","background-attachment":"scroll","background-type":"","background-media":"","overlay-type":"","overlay-color":"","overlay-opacity":"","overlay-gradient":""},"tablet":{"background-color":"","background-image":"","background-repeat":"repeat","background-position":"center center","background-size":"auto","background-attachment":"scroll","background-type":"","background-media":"","overlay-type":"","overlay-color":"","overlay-opacity":"","overlay-gradient":""},"mobile":{"background-color":"","background-image":"","background-repeat":"repeat","background-position":"center center","background-size":"auto","background-attachment":"scroll","background-type":"","background-media":"","overlay-type":"","overlay-color":"","overlay-opacity":"","overlay-gradient":""}},"ast-content-background-meta":{"desktop":{"background-color":"var(--ast-global-color-5)","background-image":"","background-repeat":"repeat","background-position":"center center","background-size":"auto","background-attachment":"scroll","background-type":"","background-media":"","overlay-type":"","overlay-color":"","overlay-opacity":"","overlay-gradient":""},"tablet":{"background-color":"var(--ast-global-color-5)","background-image":"","background-repeat":"repeat","background-position":"center center","background-size":"auto","background-attachment":"scroll","background-type":"","background-media":"","overlay-type":"","overlay-color":"","overlay-opacity":"","overlay-gradient":""},"mobile":{"background-color":"var(--ast-global-color-5)","background-image":"","background-repeat":"repeat","background-position":"center center","background-size":"auto","background-attachment":"scroll","background-type":"","background-media":"","overlay-type":"","overlay-color":"","overlay-opacity":"","overlay-gradient":""}},"_joinchat":[],"footnotes":""},"class_list":["post-752","page","type-page","status-publish","hentry"],"acf":[],"_links":{"self":[{"href":"https:\/\/immunotherapymx.com\/es\/wp-json\/wp\/v2\/pages\/752","targetHints":{"allow":["GET"]}}],"collection":[{"href":"https:\/\/immunotherapymx.com\/es\/wp-json\/wp\/v2\/pages"}],"about":[{"href":"https:\/\/immunotherapymx.com\/es\/wp-json\/wp\/v2\/types\/page"}],"author":[{"embeddable":true,"href":"https:\/\/immunotherapymx.com\/es\/wp-json\/wp\/v2\/users\/5"}],"replies":[{"embeddable":true,"href":"https:\/\/immunotherapymx.com\/es\/wp-json\/wp\/v2\/comments?post=752"}],"version-history":[{"count":0,"href":"https:\/\/immunotherapymx.com\/es\/wp-json\/wp\/v2\/pages\/752\/revisions"}],"wp:attachment":[{"href":"https:\/\/immunotherapymx.com\/es\/wp-json\/wp\/v2\/media?parent=752"}],"curies":[{"name":"wp","href":"https:\/\/api.w.org\/{rel}","templated":true}]}}